{"id":2956,"date":"2022-03-14T11:54:46","date_gmt":"2022-03-14T11:54:46","guid":{"rendered":"http:\/\/www.dibaste.it\/prova\/?page_id=2956"},"modified":"2023-02-07T13:35:14","modified_gmt":"2023-02-07T13:35:14","slug":"deontologia-medica","status":"publish","type":"page","link":"https:\/\/www.omceofermo.it\/omceo\/?page_id=2956","title":{"rendered":"Deontologia Medica"},"content":{"rendered":"\t\t<div data-elementor-type=\"wp-page\" data-elementor-id=\"2956\" class=\"elementor elementor-2956\">\n\t\t\t\t\t\t<section class=\"elementor-section elementor-top-section elementor-element elementor-element-7ec6e536 elementor-section-boxed elementor-section-height-default elementor-section-height-default\" data-id=\"7ec6e536\" data-element_type=\"section\">\n\t\t\t\t\t\t<div class=\"elementor-container elementor-column-gap-default\">\n\t\t\t\t\t<div class=\"elementor-column elementor-col-100 elementor-top-column elementor-element elementor-element-607efc70\" data-id=\"607efc70\" data-element_type=\"column\">\n\t\t\t<div class=\"elementor-widget-wrap elementor-element-populated\">\n\t\t\t\t\t\t<div class=\"elementor-element elementor-element-7fe3794 elementor-widget elementor-widget-text-editor\" data-id=\"7fe3794\" data-element_type=\"widget\" data-widget_type=\"text-editor.default\">\n\t\t\t\t<div class=\"elementor-widget-container\">\n\t\t\t<style>\/*! elementor - v3.23.0 - 15-07-2024 *\/\n.elementor-widget-text-editor.elementor-drop-cap-view-stacked .elementor-drop-cap{background-color:#69727d;color:#fff}.elementor-widget-text-editor.elementor-drop-cap-view-framed .elementor-drop-cap{color:#69727d;border:3px solid;background-color:transparent}.elementor-widget-text-editor:not(.elementor-drop-cap-view-default) .elementor-drop-cap{margin-top:8px}.elementor-widget-text-editor:not(.elementor-drop-cap-view-default) .elementor-drop-cap-letter{width:1em;height:1em}.elementor-widget-text-editor .elementor-drop-cap{float:left;text-align:center;line-height:1;font-size:50px}.elementor-widget-text-editor .elementor-drop-cap-letter{display:inline-block}<\/style>\t\t\t\t<!-- wp:heading -->\n<h2>Il Codice di deontologia medica<\/h2>\n<!-- \/wp:heading -->\n\n<!-- wp:paragraph -->\n<p>&nbsp;<\/p>\n<!-- \/wp:paragraph -->\n\n<!-- wp:paragraph -->\n<p>Il Codice di deontologia medica identifica le regole, ispirate ai principi di etica medica, che disciplinano l\u2019esercizio professionale del medico chirurgo e dell\u2019odontoiatra iscritti ai rispettivi Albi professionali.<\/p>\n<!-- \/wp:paragraph -->\n\n<!-- wp:paragraph -->\n<p>Il Codice, in armonia con i principi etici di umanit\u00e0 e solidariet\u00e0 e civili di sussidiariet\u00e0, impegna il medico nella tutela della salute individuale e collettiva vigilando sulla dignit\u00e0, sul decoro, sull\u2019indipendenza e sulla qualit\u00e0 della professione.<\/p>\n<!-- \/wp:paragraph -->\n\n<!-- wp:paragraph -->\n<p>Il Codice regola anche i comportamenti assunti al di fuori dell\u2019esercizio professionale quando ritenuti rilevanti e incidenti sul decoro della professione.<\/p>\n<!-- \/wp:paragraph -->\n\n<!-- wp:paragraph -->\n<p>Il medico deve conoscere e rispettare il Codice e gli indirizzi applicativi allegati.<\/p>\n<!-- \/wp:paragraph -->\n\n<!-- wp:paragraph -->\n<p>Il medico deve prestare il giuramento professionale che \u00e8 parte costitutiva del Codice stesso.<\/p>\n<!-- \/wp:paragraph -->\n\n<!-- wp:paragraph -->\n<p><strong>Potest\u00e0 disciplinare<\/strong><\/p>\n<!-- \/wp:paragraph -->\n\n<!-- wp:paragraph -->\n<p>L\u2019inosservanza o la violazione del Codice, anche se derivante da ignoranza, costituisce illecito disciplinare, valutato secondo le procedure e nei termini previsti dall\u2019ordinamento professionale.<\/p>\n<!-- \/wp:paragraph -->\n\n<!-- wp:paragraph -->\n<p>Il medico segnala all\u2019Ordine professionale territorialmente competente &#8211; di seguito indicato con il termine \u201cOrdine\u201d &#8211; ogni iniziativa tendente a imporgli comportamenti in contrasto con il Codice.<\/p>\n<!-- \/wp:paragraph -->\n\n<!-- wp:paragraph -->\n<p>&nbsp;<\/p>\n<!-- \/wp:paragraph -->\n\n<!-- wp:paragraph -->\n<p><a href=\"http:\/\/www.danieletrasatti.it\/omceo\/wp-content\/uploads\/2022\/12\/GIURAMENTO-PROFESSIONALE.pdf\"><strong><mark class=\"has-inline-color has-colore-complementare-color\" style=\"background-color: rgba(0, 0, 0, 0);\">GIURAMENTO PROFESSIONALE<\/mark><\/strong><\/a><\/p>\n<!-- \/wp:paragraph -->\n\n<!-- wp:paragraph --><!-- \/wp:paragraph -->\n\n<!-- wp:paragraph --><!-- \/wp:paragraph -->\n\n<!-- wp:paragraph --><!-- \/wp:paragraph -->\n\n<!-- wp:paragraph --><!-- \/wp:paragraph -->\n\n<!-- wp:paragraph --><!-- \/wp:paragraph -->\n\n<!-- wp:paragraph --><!-- \/wp:paragraph -->\n\n<!-- wp:html -->\n\n<!-- \/wp:html -->\t\t\t\t\t\t<\/div>\n\t\t\t\t<\/div>\n\t\t\t\t\t<\/div>\n\t\t<\/div>\n\t\t\t\t\t<\/div>\n\t\t<\/section>\n\t\t\t\t<\/div>\n\t\t","protected":false},"excerpt":{"rendered":"<p>Qui \u00e8 possibile consultare gli allegati della Deontologia Medica.<\/p>\n","protected":false},"author":4,"featured_media":0,"parent":0,"menu_order":0,"comment_status":"closed","ping_status":"closed","template":"page-nosidebar.php","meta":[],"_links":{"self":[{"href":"https:\/\/www.omceofermo.it\/omceo\/index.php?rest_route=\/wp\/v2\/pages\/2956"}],"collection":[{"href":"https:\/\/www.omceofermo.it\/omceo\/index.php?rest_route=\/wp\/v2\/pages"}],"about":[{"href":"https:\/\/www.omceofermo.it\/omceo\/index.php?rest_route=\/wp\/v2\/types\/page"}],"author":[{"embeddable":true,"href":"https:\/\/www.omceofermo.it\/omceo\/index.php?rest_route=\/wp\/v2\/users\/4"}],"replies":[{"embeddable":true,"href":"https:\/\/www.omceofermo.it\/omceo\/index.php?rest_route=%2Fwp%2Fv2%2Fcomments&post=2956"}],"version-history":[{"count":23,"href":"https:\/\/www.omceofermo.it\/omceo\/index.php?rest_route=\/wp\/v2\/pages\/2956\/revisions"}],"predecessor-version":[{"id":3618,"href":"https:\/\/www.omceofermo.it\/omceo\/index.php?rest_route=\/wp\/v2\/pages\/2956\/revisions\/3618"}],"wp:attachment":[{"href":"https:\/\/www.omceofermo.it\/omceo\/index.php?rest_route=%2Fwp%2Fv2%2Fmedia&parent=2956"}],"curies":[{"name":"wp","href":"https:\/\/api.w.org\/{rel}","templated":true}]}}